{"id":19,"date":"2015-10-04T23:36:34","date_gmt":"2015-10-04T21:36:34","guid":{"rendered":"http:\/\/tc-hainau.de\/?page_id=19"},"modified":"2019-12-08T11:06:21","modified_gmt":"2019-12-08T09:06:21","slug":"satzung","status":"publish","type":"page","link":"https:\/\/tc-hainau.de\/?page_id=19","title":{"rendered":"Satzung des Trimm-Club Hainau e.V."},"content":{"rendered":"<p><strong>Generelle Regelungen:<\/strong><\/p>\n<ol>\n<li>Wer im Verein Tennis spielen will, muss in den <em>TC <\/em>Hainau eintreten.<\/li>\n<li>Die Aufnahmeleistungen betragen 5 Arbeitsstunden ab 14 Jahren und 10<br \/>\nArbeitsstunden ab 18 Jahren.<\/li>\n<li>Alle unsere Anlage nutzenden Spieler\/innen ab 14 Jahre m\u00fcssen pro Saison 3<br \/>\nArbeitsstunden ableisten. Putzen des Tennishauses gilt grunds\u00e4tzlich auch als<br \/>\nArbeitsleistung.<\/li>\n<li>Nicht abgeleistete Arbeitsstunden werden mit 5 \u20ac in Anrechnung gebracht.<br \/>\nDie Mietgeb\u00fchren f\u00fcr das Tennishaus k\u00f6nnen Sie dem aktuellen Mietvertrag entnehmen. Den finden Sie <a href=\"https:\/\/tc-hainau.de\/wp-content\/uploads\/2016\/11\/Mietvertrag_Vereinsheim.pdf\" target=\"_blank\" rel=\"noopener noreferrer\">hier&#8230;<\/a><\/li>\n<\/ol>\n","protected":false},"excerpt":{"rendered":"<p>Generelle Regelungen: Wer im Verein Tennis spielen will, muss in den TC Hainau eintreten. Die Aufnahmeleistungen betragen 5 Arbeitsstunden ab 14 Jahren und 10 Arbeitsstunden ab 18 Jahren. Alle unsere Anlage nutzenden Spieler\/innen ab 14 Jahre m\u00fcssen pro Saison 3 Arbeitsstunden ableisten. Putzen des Tennishauses gilt grunds\u00e4tzlich auch als Arbeitsleistung. Nicht abgeleistete Arbeitsstunden werden mit [&hellip;]<\/p>\n","protected":false},"author":2,"featured_media":0,"parent":0,"menu_order":0,"comment_status":"closed","ping_status":"closed","template":"","meta":{"jetpack_post_was_ever_published":false,"_mc_calendar":[],"footnotes":""},"class_list":["post-19","page","type-page","status-publish","czr-hentry"],"jetpack_shortlink":"https:\/\/wp.me\/P6OhnB-j","jetpack_sharing_enabled":true,"_links":{"self":[{"href":"https:\/\/tc-hainau.de\/index.php?rest_route=\/wp\/v2\/pages\/19","targetHints":{"allow":["GET"]}}],"collection":[{"href":"https:\/\/tc-hainau.de\/index.php?rest_route=\/wp\/v2\/pages"}],"about":[{"href":"https:\/\/tc-hainau.de\/index.php?rest_route=\/wp\/v2\/types\/page"}],"author":[{"embeddable":true,"href":"https:\/\/tc-hainau.de\/index.php?rest_route=\/wp\/v2\/users\/2"}],"replies":[{"embeddable":true,"href":"https:\/\/tc-hainau.de\/index.php?rest_route=%2Fwp%2Fv2%2Fcomments&post=19"}],"version-history":[{"count":12,"href":"https:\/\/tc-hainau.de\/index.php?rest_route=\/wp\/v2\/pages\/19\/revisions"}],"predecessor-version":[{"id":619,"href":"https:\/\/tc-hainau.de\/index.php?rest_route=\/wp\/v2\/pages\/19\/revisions\/619"}],"wp:attachment":[{"href":"https:\/\/tc-hainau.de\/index.php?rest_route=%2Fwp%2Fv2%2Fmedia&parent=19"}],"curies":[{"name":"wp","href":"https:\/\/api.w.org\/{rel}","templated":true}]}}