{"id":2,"date":"2015-08-19T04:23:47","date_gmt":"2015-08-19T02:23:47","guid":{"rendered":"http:\/\/tc-hainau.de\/?page_id=2"},"modified":"2024-11-03T11:50:02","modified_gmt":"2024-11-03T09:50:02","slug":"sample-page","status":"publish","type":"page","link":"https:\/\/tc-hainau.de\/","title":{"rendered":"Startseite"},"content":{"rendered":"<div class=\"wp-block-image\">\n<figure class=\"aligncenter size-large is-resized\"><a href=\"https:\/\/tc-hainau.de\/wp-content\/uploads\/2023\/11\/icons-Tischtennis-e1700496702608.png\"><img loading=\"lazy\" decoding=\"async\" width=\"1024\" height=\"693\" data-attachment-id=\"860\" data-permalink=\"https:\/\/tc-hainau.de\/?attachment_id=860\" data-orig-file=\"https:\/\/tc-hainau.de\/wp-content\/uploads\/2023\/11\/icons-Tischtennis-e1700496702608.png\" data-orig-size=\"591,400\" data-comments-opened=\"0\" data-image-meta=\"{&quot;aperture&quot;:&quot;0&quot;,&quot;credit&quot;:&quot;&quot;,&quot;camera&quot;:&quot;&quot;,&quot;caption&quot;:&quot;&quot;,&quot;created_timestamp&quot;:&quot;0&quot;,&quot;copyright&quot;:&quot;&quot;,&quot;focal_length&quot;:&quot;0&quot;,&quot;iso&quot;:&quot;0&quot;,&quot;shutter_speed&quot;:&quot;0&quot;,&quot;title&quot;:&quot;&quot;,&quot;orientation&quot;:&quot;0&quot;}\" data-image-title=\"TC-Icon\" data-image-description=\"\" data-image-caption=\"\" data-medium-file=\"https:\/\/tc-hainau.de\/wp-content\/uploads\/2023\/11\/icons-Tischtennis-300x203.png\" data-large-file=\"https:\/\/tc-hainau.de\/wp-content\/uploads\/2023\/11\/icons-Tischtennis-1024x693.png\" src=\"https:\/\/tc-hainau.de\/wp-content\/uploads\/2023\/11\/icons-Tischtennis-1024x693.png\" alt=\"\" class=\"wp-image-860\" style=\"width:470px;height:auto\"\/><\/a><\/figure><\/div>\n\n\n<div style=\"height:51px\" aria-hidden=\"true\" class=\"wp-block-spacer\"><\/div>\n\n\n\n<p style=\"font-size:18px\">Der Trimm-Club Hainau e.V. wurde 1979 gegr\u00fcndet.&nbsp;Neben Gymnastik- und Turngruppen bietet er Tischtennis und Tennis&nbsp;an und betreibt seit 1987 eine Tennisanlage mit 2 Pl\u00e4tzen. Mit seinen zur Zeit 90 Mitgliedern richtet er \u00fcberdies mehrere Veranstaltungen f\u00fcr die Dorfgemeinschaft aus.<\/p>\n\n\n\n<div style=\"height:26px\" aria-hidden=\"true\" class=\"wp-block-spacer\"><\/div>\n\n\n\n<blockquote class=\"wp-block-quote is-style-default is-layout-flow wp-block-quote-is-layout-flow\" style=\"font-style:normal;font-weight:500\">\n<p>Wenn Du \u00fcber alle neuen Nachrichten des TC-Hainau sofort informiert sein willst, kannst Du unseren Newsletter abonnieren!<\/p>\n\n\n\n<p>Deine Anmeldung kannst Du unten auf der Seite abschicken!<\/p>\n<\/blockquote>\n\n\n\n<p><\/p>\n","protected":false},"excerpt":{"rendered":"<p>Der Trimm-Club Hainau e.V. wurde 1979 gegr\u00fcndet.&nbsp;Neben Gymnastik- und Turngruppen bietet er Tischtennis und Tennis&nbsp;an und betreibt seit 1987 eine Tennisanlage mit 2 Pl\u00e4tzen. Mit seinen zur Zeit 90 Mitgliedern richtet er \u00fcberdies mehrere Veranstaltungen f\u00fcr die Dorfgemeinschaft aus. Wenn Du \u00fcber alle neuen Nachrichten des TC-Hainau sofort informiert sein willst, kannst Du unseren Newsletter [&hellip;]<\/p>\n","protected":false},"author":1,"featured_media":0,"parent":0,"menu_order":0,"comment_status":"closed","ping_status":"closed","template":"","meta":{"jetpack_post_was_ever_published":false,"_mc_calendar":[],"footnotes":""},"class_list":["post-2","page","type-page","status-publish","czr-hentry"],"jetpack_shortlink":"https:\/\/wp.me\/P6OhnB-2","jetpack_sharing_enabled":true,"_links":{"self":[{"href":"https:\/\/tc-hainau.de\/index.php?rest_route=\/wp\/v2\/pages\/2","targetHints":{"allow":["GET"]}}],"collection":[{"href":"https:\/\/tc-hainau.de\/index.php?rest_route=\/wp\/v2\/pages"}],"about":[{"href":"https:\/\/tc-hainau.de\/index.php?rest_route=\/wp\/v2\/types\/page"}],"author":[{"embeddable":true,"href":"https:\/\/tc-hainau.de\/index.php?rest_route=\/wp\/v2\/users\/1"}],"replies":[{"embeddable":true,"href":"https:\/\/tc-hainau.de\/index.php?rest_route=%2Fwp%2Fv2%2Fcomments&post=2"}],"version-history":[{"count":17,"href":"https:\/\/tc-hainau.de\/index.php?rest_route=\/wp\/v2\/pages\/2\/revisions"}],"predecessor-version":[{"id":1063,"href":"https:\/\/tc-hainau.de\/index.php?rest_route=\/wp\/v2\/pages\/2\/revisions\/1063"}],"wp:attachment":[{"href":"https:\/\/tc-hainau.de\/index.php?rest_route=%2Fwp%2Fv2%2Fmedia&parent=2"}],"curies":[{"name":"wp","href":"https:\/\/api.w.org\/{rel}","templated":true}]}}