{"id":50,"date":"2015-10-07T00:40:51","date_gmt":"2015-10-06T22:40:51","guid":{"rendered":"http:\/\/tc-hainau.de\/?page_id=50"},"modified":"2024-03-02T18:19:28","modified_gmt":"2024-03-02T16:19:28","slug":"gymnastik","status":"publish","type":"page","link":"https:\/\/tc-hainau.de\/?page_id=50","title":{"rendered":"Wer hat Lust, Dart zu spielen?"},"content":{"rendered":"\n<div class=\"wp-block-cover\"><span aria-hidden=\"true\" class=\"wp-block-cover__background has-background-dim\"><\/span><img loading=\"lazy\" decoding=\"async\" width=\"2560\" height=\"1920\" data-attachment-id=\"929\" data-permalink=\"https:\/\/tc-hainau.de\/?attachment_id=929\" data-orig-file=\"https:\/\/tc-hainau.de\/wp-content\/uploads\/2024\/02\/two-darts-in-the-board-1506097.jpg\" data-orig-size=\"2560,1920\" data-comments-opened=\"0\" data-image-meta=\"{&quot;aperture&quot;:&quot;2.8&quot;,&quot;credit&quot;:&quot;&quot;,&quot;camera&quot;:&quot;E-20,E-20N,E-20P&quot;,&quot;caption&quot;:&quot;OLYMPUS DIGITAL CAMERA&quot;,&quot;created_timestamp&quot;:&quot;1074363567&quot;,&quot;copyright&quot;:&quot;&quot;,&quot;focal_length&quot;:&quot;9&quot;,&quot;iso&quot;:&quot;320&quot;,&quot;shutter_speed&quot;:&quot;0.016666666666667&quot;,&quot;title&quot;:&quot;OLYMPUS DIGITAL CAMERA&quot;,&quot;orientation&quot;:&quot;1&quot;}\" data-image-title=\"OLYMPUS DIGITAL CAMERA\" data-image-description=\"\" data-image-caption=\"&lt;p&gt;OLYMPUS DIGITAL CAMERA&lt;\/p&gt;\n\" data-medium-file=\"https:\/\/tc-hainau.de\/wp-content\/uploads\/2024\/02\/two-darts-in-the-board-1506097-300x225.jpg\" data-large-file=\"https:\/\/tc-hainau.de\/wp-content\/uploads\/2024\/02\/two-darts-in-the-board-1506097-1024x768.jpg\" class=\"wp-block-cover__image-background wp-image-929\" alt=\"\" src=\"https:\/\/tc-hainau.de\/wp-content\/uploads\/2024\/02\/two-darts-in-the-board-1506097.jpg\" data-object-fit=\"cover\" srcset=\"https:\/\/tc-hainau.de\/wp-content\/uploads\/2024\/02\/two-darts-in-the-board-1506097.jpg 2560w, https:\/\/tc-hainau.de\/wp-content\/uploads\/2024\/02\/two-darts-in-the-board-1506097-300x225.jpg 300w, https:\/\/tc-hainau.de\/wp-content\/uploads\/2024\/02\/two-darts-in-the-board-1506097-1024x768.jpg 1024w, https:\/\/tc-hainau.de\/wp-content\/uploads\/2024\/02\/two-darts-in-the-board-1506097-768x576.jpg 768w, https:\/\/tc-hainau.de\/wp-content\/uploads\/2024\/02\/two-darts-in-the-board-1506097-1536x1152.jpg 1536w, https:\/\/tc-hainau.de\/wp-content\/uploads\/2024\/02\/two-darts-in-the-board-1506097-2048x1536.jpg 2048w\" sizes=\"auto, (max-width: 2560px) 100vw, 2560px\" \/><div class=\"wp-block-cover__inner-container is-layout-constrained wp-block-cover-is-layout-constrained\">\n<p>Bei unseren Stammtischen haben sich in letzter Zeit immer einige G\u00e4ste gefunden, die zusammen Dart gespielt haben. Daher haben wir uns \u00fcberlegt, den Hainauern und TC-Mitgliedern das Spiel auch unabh\u00e4ngig vom Stammtisch im Tennishaus anzubieten.<\/p>\n\n\n\n<p>Wer Interesse hat, kann sich hier melden. Abh\u00e4ngig von Euren R\u00fcckmeldungen \u00fcberlegen wir uns, wie wir das organisieren und werden Euch einladen, um unsere Ideen dazu zu pr\u00e4sentieren.<\/p>\n\n\n<div class=\"wp-block-jetpack-contact-form\"><a href=\"https:\/\/tc-hainau.de\/?page_id=50\" target=\"_blank\" rel=\"noopener noreferrer\">Formular einreichen.<\/a><\/div><\/div><\/div>\n","protected":false},"excerpt":{"rendered":"","protected":false},"author":2,"featured_media":51,"parent":0,"menu_order":0,"comment_status":"closed","ping_status":"closed","template":"","meta":{"jetpack_post_was_ever_published":false,"_mc_calendar":[],"footnotes":""},"class_list":["post-50","page","type-page","status-publish","has-post-thumbnail","czr-hentry"],"jetpack_shortlink":"https:\/\/wp.me\/P6OhnB-O","jetpack_sharing_enabled":true,"_links":{"self":[{"href":"https:\/\/tc-hainau.de\/index.php?rest_route=\/wp\/v2\/pages\/50","targetHints":{"allow":["GET"]}}],"collection":[{"href":"https:\/\/tc-hainau.de\/index.php?rest_route=\/wp\/v2\/pages"}],"about":[{"href":"https:\/\/tc-hainau.de\/index.php?rest_route=\/wp\/v2\/types\/page"}],"author":[{"embeddable":true,"href":"https:\/\/tc-hainau.de\/index.php?rest_route=\/wp\/v2\/users\/2"}],"replies":[{"embeddable":true,"href":"https:\/\/tc-hainau.de\/index.php?rest_route=%2Fwp%2Fv2%2Fcomments&post=50"}],"version-history":[{"count":24,"href":"https:\/\/tc-hainau.de\/index.php?rest_route=\/wp\/v2\/pages\/50\/revisions"}],"predecessor-version":[{"id":957,"href":"https:\/\/tc-hainau.de\/index.php?rest_route=\/wp\/v2\/pages\/50\/revisions\/957"}],"wp:featuredmedia":[{"embeddable":true,"href":"https:\/\/tc-hainau.de\/index.php?rest_route=\/wp\/v2\/media\/51"}],"wp:attachment":[{"href":"https:\/\/tc-hainau.de\/index.php?rest_route=%2Fwp%2Fv2%2Fmedia&parent=50"}],"curies":[{"name":"wp","href":"https:\/\/api.w.org\/{rel}","templated":true}]}}