{"id":8,"date":"2015-10-05T00:08:43","date_gmt":"2015-10-04T22:08:43","guid":{"rendered":"http:\/\/tc-hainau.de\/?page_id=8"},"modified":"2016-06-27T19:14:58","modified_gmt":"2016-06-27T17:14:58","slug":"wir-stellen-uns-vor","status":"publish","type":"page","link":"https:\/\/tc-hainau.de\/?page_id=8","title":{"rendered":"Wir stellen uns vor"},"content":{"rendered":"<p align=\"LEFT\"><span style=\"font-family: Tahoma, serif;\">Am 31.10.1979 beschlossen 22 Sport interessierte Frauen aus Hainau und der Nachbargemeinde Gemmerich, eine Gymnastikgruppe unter dem Namen&#8220;Trimm-Club Hainau-Gemmerich&#8220; zu gr\u00fcnden und Margarethe Deinet wurde zur ersten Vorsitzenden gew\u00e4hlt.<\/span><\/p>\n<p>Zu dieser gut funktionierenden Gymnastikabteilung gesellte sich 1984 eine Tischtennisabteilung f\u00fcr M\u00e4nner und Kinder und schon zwei Jahre sp\u00e4ter wurde mit gro\u00dfartiger Unterst\u00fctzung des Gemeinderates der Bau einer Tennisanlage mit zwei Pl\u00e4tzen beschlossen.<\/p>\n<p>Am 01.01.1987 verlagerte sich dann das sportliche Geschehen vollst\u00e4ndig nach Hainau. Der Trimm-Club hie\u00df fortan nur noch TC Hainau e.V. und am 21.11.1989 \u00fcbernahm Dieter Alberti den Vereinsvorsitz.<\/p>\n<p>Nach 15 Jahren erfolgreicher T\u00e4tigkeit hat Michael Warkentin Anfang 2016\u00a0den Vorsitz\u00a0niedergelegt.<\/p>\n<p>Heute nun hat der Verein rund 90 Mitglieder, die in den drei Abteilungen <span style=\"font-family: Tahoma, serif;\"><b>Gymnastik, Tischtennis <\/b><\/span><span style=\"font-family: Tahoma, serif;\">und<\/span><span style=\"font-family: Tahoma, serif;\"><b> Tennis <\/b><\/span><span style=\"font-family: Tahoma, serif;\">sportlich sehr<\/span><b> <\/b><span style=\"font-family: Tahoma, serif;\">rege sind, wobei die Gymnastikabteilung derzeit aus einer Kinder- und einer Frauengruppe besteht. Es wird daran gearbeitet, auch f\u00fcr die Seniorinnen wieder ein Angebot zu erm\u00f6glichen.<\/span><\/p>\n<p>Neben dem Sport spielt aber auch das Gesellige eine gro\u00dfe Rolle im Vereinsleben.<br \/>\nSeit einigen Jahren richtet der Verein wieder gro\u00dfe Faschingsveranstaltungen f\u00fcr Kinder und Erwachsene aus, die sich auch im Umland gro\u00dfer Beliebtheit erfreuen.<\/p>\n<p>Dar\u00fcber hinaus werden allj\u00e4hrlich St. Martinsumz\u00fcge, Nikolausfeiern, Maiwanderungen und manches mehr organisiert.<\/p>\n<p>Alles in allem: ein sehr bewegter und bewegender Verein!<\/p>\n","protected":false},"excerpt":{"rendered":"<p>Am 31.10.1979 beschlossen 22 Sport interessierte Frauen aus Hainau und der Nachbargemeinde Gemmerich, eine Gymnastikgruppe unter dem Namen&#8220;Trimm-Club Hainau-Gemmerich&#8220; zu gr\u00fcnden und Margarethe Deinet wurde zur ersten Vorsitzenden gew\u00e4hlt. Zu dieser gut funktionierenden Gymnastikabteilung gesellte sich 1984 eine Tischtennisabteilung f\u00fcr M\u00e4nner und Kinder und schon zwei Jahre sp\u00e4ter wurde mit gro\u00dfartiger Unterst\u00fctzung des Gemeinderates der [&hellip;]<\/p>\n","protected":false},"author":2,"featured_media":0,"parent":0,"menu_order":0,"comment_status":"closed","ping_status":"closed","template":"","meta":{"jetpack_post_was_ever_published":false,"_mc_calendar":[],"footnotes":""},"class_list":["post-8","page","type-page","status-publish","czr-hentry"],"jetpack_shortlink":"https:\/\/wp.me\/P6OhnB-8","jetpack_sharing_enabled":true,"_links":{"self":[{"href":"https:\/\/tc-hainau.de\/index.php?rest_route=\/wp\/v2\/pages\/8","targetHints":{"allow":["GET"]}}],"collection":[{"href":"https:\/\/tc-hainau.de\/index.php?rest_route=\/wp\/v2\/pages"}],"about":[{"href":"https:\/\/tc-hainau.de\/index.php?rest_route=\/wp\/v2\/types\/page"}],"author":[{"embeddable":true,"href":"https:\/\/tc-hainau.de\/index.php?rest_route=\/wp\/v2\/users\/2"}],"replies":[{"embeddable":true,"href":"https:\/\/tc-hainau.de\/index.php?rest_route=%2Fwp%2Fv2%2Fcomments&post=8"}],"version-history":[{"count":5,"href":"https:\/\/tc-hainau.de\/index.php?rest_route=\/wp\/v2\/pages\/8\/revisions"}],"predecessor-version":[{"id":77,"href":"https:\/\/tc-hainau.de\/index.php?rest_route=\/wp\/v2\/pages\/8\/revisions\/77"}],"wp:attachment":[{"href":"https:\/\/tc-hainau.de\/index.php?rest_route=%2Fwp%2Fv2%2Fmedia&parent=8"}],"curies":[{"name":"wp","href":"https:\/\/api.w.org\/{rel}","templated":true}]}}